{"id":6896,"date":"2022-05-25T13:27:15","date_gmt":"2022-05-25T11:27:15","guid":{"rendered":"https:\/\/www.alfabier.nl\/?post_type=product&#038;p=6896"},"modified":"2025-04-01T17:26:26","modified_gmt":"2025-04-01T15:26:26","slug":"brauerei-bier-cap","status":"publish","type":"product","link":"https:\/\/www.alfabier.nl\/de\/produkt\/brauerei-bier-cap\/","title":{"rendered":"Alfa Brauerei Bier Cap"},"excerpt":{"rendered":"<p>Trage deine Liebe zu Alfa Bier mit Stolz mit dieser Alfa Bier Kappe. Mit einem klassischen Design und dem kultigen Alfa-Logo ist diese Kappe das perfekte Accessoire f\u00fcr jeden Fan. Die Kappe hat eine bequeme Passform, die f\u00fcr das t\u00e4gliche Tragen geeignet ist, egal ob du unterwegs bist, ein Festival besuchst oder eine Fahrradtour machst.<\/p>\n<p>Diese Alfa Bier- Kappe vereint Stil und Funktionalit\u00e4t, so dass sie sowohl l\u00e4ssig als auch sportlich getragen werden kann. Bestellen Sie ihn ganz einfach online und vervollst\u00e4ndigen Sie Ihre Alfa-Sammlung. Ein Muss f\u00fcr den echten Alfa-Liebhaber!<\/p>\n","protected":false},"featured_media":12807,"comment_status":"closed","ping_status":"closed","template":"","meta":{"_acf_changed":false},"product_brand":[],"product_cat":[123,138],"product_tag":[],"class_list":{"0":"post-6896","1":"product","2":"type-product","3":"status-publish","4":"has-post-thumbnail","6":"product_cat-alle-produkte","7":"product_cat-kleidung","9":"first","10":"instock","11":"taxable","12":"shipping-taxable","13":"purchasable","14":"product-type-simple"},"acf":[],"yoast_head":"<!-- This site is optimized with the Yoast SEO plugin v26.8 - https:\/\/yoast.com\/product\/yoast-seo-wordpress\/ -->\n<title>Alfa Bier<\/title>\n<meta name=\"robots\" content=\"index, follow, max-snippet:-1, max-image-preview:large, max-video-preview:-1\" \/>\n<link rel=\"canonical\" href=\"\/\" \/>\n<meta property=\"og:locale\" content=\"de_DE\" \/>\n<meta property=\"og:type\" content=\"article\" \/>\n<meta property=\"og:site_name\" content=\"Alfa Bier\" \/>\n<meta name=\"twitter:card\" content=\"summary_large_image\" \/>\n<meta name=\"twitter:site\" content=\"@alfabier\" \/>\n<script type=\"application\/ld+json\" class=\"yoast-schema-graph\">{\"@context\":\"https:\/\/schema.org\",\"@graph\":[{\"@type\":\"CollectionPage\",\"@id\":null,\"url\":\"\",\"name\":\"\",\"isPartOf\":{\"@id\":\"https:\/\/www.alfabier.nl\/de\/#website\"},\"inLanguage\":\"de\"},{\"@type\":\"WebSite\",\"@id\":\"https:\/\/www.alfabier.nl\/de\/#website\",\"url\":\"https:\/\/www.alfabier.nl\/de\/\",\"name\":\"Alfa Bier\",\"description\":\"\",\"publisher\":{\"@id\":\"https:\/\/www.alfabier.nl\/de\/#organization\"},\"potentialAction\":[{\"@type\":\"SearchAction\",\"target\":{\"@type\":\"EntryPoint\",\"urlTemplate\":\"https:\/\/www.alfabier.nl\/de\/?s={search_term_string}\"},\"query-input\":{\"@type\":\"PropertyValueSpecification\",\"valueRequired\":true,\"valueName\":\"search_term_string\"}}],\"inLanguage\":\"de\"},{\"@type\":\"Organization\",\"@id\":\"https:\/\/www.alfabier.nl\/de\/#organization\",\"name\":\"Alfa Bier\",\"url\":\"https:\/\/www.alfabier.nl\/de\/\",\"logo\":{\"@type\":\"ImageObject\",\"inLanguage\":\"de\",\"@id\":\"https:\/\/www.alfabier.nl\/de\/#\/schema\/logo\/image\/\",\"url\":\"https:\/\/www.alfabier.nl\/wp-content\/uploads\/2025\/02\/Alfa-Bier-Logo-Limburgse-Familiebrouwerij-Meens-1.png\",\"contentUrl\":\"https:\/\/www.alfabier.nl\/wp-content\/uploads\/2025\/02\/Alfa-Bier-Logo-Limburgse-Familiebrouwerij-Meens-1.png\",\"width\":565,\"height\":493,\"caption\":\"Alfa Bier\"},\"image\":{\"@id\":\"https:\/\/www.alfabier.nl\/de\/#\/schema\/logo\/image\/\"},\"sameAs\":[\"https:\/\/www.facebook.com\/alfabier\",\"https:\/\/x.com\/alfabier\",\"https:\/\/www.instagram.com\/alfabier\/\",\"https:\/\/www.youtube.com\/@alfabierbrouwerij\",\"https:\/\/www.linkedin.com\/company\/alfa-bier\/\",\"https:\/\/nl.pinterest.com\/AlfaBierbrouwerij\"]}]}<\/script>\n<!-- \/ Yoast SEO plugin. -->","yoast_head_json":{"title":"Alfa Bier","robots":{"index":"index","follow":"follow","max-snippet":"max-snippet:-1","max-image-preview":"max-image-preview:large","max-video-preview":"max-video-preview:-1"},"canonical":"\/","og_locale":"de_DE","og_type":"article","og_site_name":"Alfa Bier","twitter_card":"summary_large_image","twitter_site":"@alfabier","schema":{"@context":"https:\/\/schema.org","@graph":[{"@type":"CollectionPage","@id":null,"url":"","name":"","isPartOf":{"@id":"https:\/\/www.alfabier.nl\/de\/#website"},"inLanguage":"de"},{"@type":"WebSite","@id":"https:\/\/www.alfabier.nl\/de\/#website","url":"https:\/\/www.alfabier.nl\/de\/","name":"Alfa Bier","description":"","publisher":{"@id":"https:\/\/www.alfabier.nl\/de\/#organization"},"potentialAction":[{"@type":"SearchAction","target":{"@type":"EntryPoint","urlTemplate":"https:\/\/www.alfabier.nl\/de\/?s={search_term_string}"},"query-input":{"@type":"PropertyValueSpecification","valueRequired":true,"valueName":"search_term_string"}}],"inLanguage":"de"},{"@type":"Organization","@id":"https:\/\/www.alfabier.nl\/de\/#organization","name":"Alfa Bier","url":"https:\/\/www.alfabier.nl\/de\/","logo":{"@type":"ImageObject","inLanguage":"de","@id":"https:\/\/www.alfabier.nl\/de\/#\/schema\/logo\/image\/","url":"https:\/\/www.alfabier.nl\/wp-content\/uploads\/2025\/02\/Alfa-Bier-Logo-Limburgse-Familiebrouwerij-Meens-1.png","contentUrl":"https:\/\/www.alfabier.nl\/wp-content\/uploads\/2025\/02\/Alfa-Bier-Logo-Limburgse-Familiebrouwerij-Meens-1.png","width":565,"height":493,"caption":"Alfa Bier"},"image":{"@id":"https:\/\/www.alfabier.nl\/de\/#\/schema\/logo\/image\/"},"sameAs":["https:\/\/www.facebook.com\/alfabier","https:\/\/x.com\/alfabier","https:\/\/www.instagram.com\/alfabier\/","https:\/\/www.youtube.com\/@alfabierbrouwerij","https:\/\/www.linkedin.com\/company\/alfa-bier\/","https:\/\/nl.pinterest.com\/AlfaBierbrouwerij"]}]}},"_links":{"self":[{"href":"https:\/\/www.alfabier.nl\/de\/wp-json\/wp\/v2\/product\/6896"}],"collection":[{"href":"https:\/\/www.alfabier.nl\/de\/wp-json\/wp\/v2\/product"}],"about":[{"href":"https:\/\/www.alfabier.nl\/de\/wp-json\/wp\/v2\/types\/product"}],"replies":[{"embeddable":true,"href":"https:\/\/www.alfabier.nl\/de\/wp-json\/wp\/v2\/comments?post=6896"}],"wp:featuredmedia":[{"embeddable":true,"href":"https:\/\/www.alfabier.nl\/de\/wp-json\/wp\/v2\/media\/12807"}],"wp:attachment":[{"href":"https:\/\/www.alfabier.nl\/de\/wp-json\/wp\/v2\/media?parent=6896"}],"wp:term":[{"taxonomy":"product_brand","embeddable":true,"href":"https:\/\/www.alfabier.nl\/de\/wp-json\/wp\/v2\/product_brand?post=6896"},{"taxonomy":"product_cat","embeddable":true,"href":"https:\/\/www.alfabier.nl\/de\/wp-json\/wp\/v2\/product_cat?post=6896"},{"taxonomy":"product_tag","embeddable":true,"href":"https:\/\/www.alfabier.nl\/de\/wp-json\/wp\/v2\/product_tag?post=6896"}],"curies":[{"name":"wp","href":"https:\/\/api.w.org\/{rel}","templated":true}]}}