{"id":6918,"date":"2024-11-18T16:01:28","date_gmt":"2024-11-18T15:01:28","guid":{"rendered":"https:\/\/www.alfabier.nl\/?post_type=product&#038;p=6918"},"modified":"2025-05-02T13:10:19","modified_gmt":"2025-05-02T11:10:19","slug":"craft-beer-glas","status":"publish","type":"product","link":"https:\/\/www.alfabier.nl\/de\/produkt\/craft-beer-glas\/","title":{"rendered":"Alfa Bier Craft Beer Glas"},"excerpt":{"rendered":"<p><strong>Alfa Spezialbierglas \u2013 das ideale Glas f\u00fcr deine Lieblingsbiere.<\/strong><\/p>\n<p>Unser Craft Beer Glas ist die ideale Wahl f\u00fcr Genie\u00dfer wie dich, die unsere charaktervollen Spezialbiere \u2013 Alfa Krachtig Dort, Herfstbok, Lentebok und Super Strong \u2013 genussvoll erleben m\u00f6chten. Mit einem Fassungsverm\u00f6gen von 0,25\u202fl und seinem eleganten Kelchdesign liegt es gut in der Hand und bringt sowohl die Aromen als auch die Farbe des Bieres perfekt zur Geltung.<\/p>\n<p>Das Glas ist mit dem klassischen Alfa-Logo verziert und wurde speziell entwickelt, um die Vielfalt und Tiefe unserer Biere optimal zu pr\u00e4sentieren. Ob f\u00fcr dich selbst oder als Geschenk f\u00fcr einen Bierliebhaber \u2013 dieses Glas verbindet Funktionalit\u00e4t mit stilvollem Design.<\/p>\n","protected":false},"featured_media":5075,"comment_status":"closed","ping_status":"closed","template":"","meta":{"_acf_changed":false},"product_brand":[],"product_cat":[123,137],"product_tag":[],"class_list":{"0":"post-6918","1":"product","2":"type-product","3":"status-publish","4":"has-post-thumbnail","6":"product_cat-alle-produkte","7":"product_cat-bierglaeser","9":"first","10":"instock","11":"sale","12":"taxable","13":"shipping-taxable","14":"purchasable","15":"product-type-variable"},"acf":[],"yoast_head":"<!-- This site is optimized with the Yoast SEO plugin v26.8 - https:\/\/yoast.com\/product\/yoast-seo-wordpress\/ -->\n<title>Alfa Bier<\/title>\n<meta name=\"robots\" content=\"index, follow, max-snippet:-1, max-image-preview:large, max-video-preview:-1\" \/>\n<link rel=\"canonical\" href=\"\/\" \/>\n<meta property=\"og:locale\" content=\"de_DE\" \/>\n<meta property=\"og:type\" content=\"article\" \/>\n<meta property=\"og:site_name\" content=\"Alfa Bier\" \/>\n<meta name=\"twitter:card\" content=\"summary_large_image\" \/>\n<meta name=\"twitter:site\" content=\"@alfabier\" \/>\n<script type=\"application\/ld+json\" class=\"yoast-schema-graph\">{\"@context\":\"https:\/\/schema.org\",\"@graph\":[{\"@type\":\"CollectionPage\",\"@id\":null,\"url\":\"\",\"name\":\"\",\"isPartOf\":{\"@id\":\"https:\/\/www.alfabier.nl\/de\/#website\"},\"inLanguage\":\"de\"},{\"@type\":\"WebSite\",\"@id\":\"https:\/\/www.alfabier.nl\/de\/#website\",\"url\":\"https:\/\/www.alfabier.nl\/de\/\",\"name\":\"Alfa Bier\",\"description\":\"\",\"publisher\":{\"@id\":\"https:\/\/www.alfabier.nl\/de\/#organization\"},\"potentialAction\":[{\"@type\":\"SearchAction\",\"target\":{\"@type\":\"EntryPoint\",\"urlTemplate\":\"https:\/\/www.alfabier.nl\/de\/?s={search_term_string}\"},\"query-input\":{\"@type\":\"PropertyValueSpecification\",\"valueRequired\":true,\"valueName\":\"search_term_string\"}}],\"inLanguage\":\"de\"},{\"@type\":\"Organization\",\"@id\":\"https:\/\/www.alfabier.nl\/de\/#organization\",\"name\":\"Alfa Bier\",\"url\":\"https:\/\/www.alfabier.nl\/de\/\",\"logo\":{\"@type\":\"ImageObject\",\"inLanguage\":\"de\",\"@id\":\"https:\/\/www.alfabier.nl\/de\/#\/schema\/logo\/image\/\",\"url\":\"https:\/\/www.alfabier.nl\/wp-content\/uploads\/2025\/02\/Alfa-Bier-Logo-Limburgse-Familiebrouwerij-Meens-1.png\",\"contentUrl\":\"https:\/\/www.alfabier.nl\/wp-content\/uploads\/2025\/02\/Alfa-Bier-Logo-Limburgse-Familiebrouwerij-Meens-1.png\",\"width\":565,\"height\":493,\"caption\":\"Alfa Bier\"},\"image\":{\"@id\":\"https:\/\/www.alfabier.nl\/de\/#\/schema\/logo\/image\/\"},\"sameAs\":[\"https:\/\/www.facebook.com\/alfabier\",\"https:\/\/x.com\/alfabier\",\"https:\/\/www.instagram.com\/alfabier\/\",\"https:\/\/www.youtube.com\/@alfabierbrouwerij\",\"https:\/\/www.linkedin.com\/company\/alfa-bier\/\",\"https:\/\/nl.pinterest.com\/AlfaBierbrouwerij\"]}]}<\/script>\n<!-- \/ Yoast SEO plugin. -->","yoast_head_json":{"title":"Alfa Bier","robots":{"index":"index","follow":"follow","max-snippet":"max-snippet:-1","max-image-preview":"max-image-preview:large","max-video-preview":"max-video-preview:-1"},"canonical":"\/","og_locale":"de_DE","og_type":"article","og_site_name":"Alfa Bier","twitter_card":"summary_large_image","twitter_site":"@alfabier","schema":{"@context":"https:\/\/schema.org","@graph":[{"@type":"CollectionPage","@id":null,"url":"","name":"","isPartOf":{"@id":"https:\/\/www.alfabier.nl\/de\/#website"},"inLanguage":"de"},{"@type":"WebSite","@id":"https:\/\/www.alfabier.nl\/de\/#website","url":"https:\/\/www.alfabier.nl\/de\/","name":"Alfa Bier","description":"","publisher":{"@id":"https:\/\/www.alfabier.nl\/de\/#organization"},"potentialAction":[{"@type":"SearchAction","target":{"@type":"EntryPoint","urlTemplate":"https:\/\/www.alfabier.nl\/de\/?s={search_term_string}"},"query-input":{"@type":"PropertyValueSpecification","valueRequired":true,"valueName":"search_term_string"}}],"inLanguage":"de"},{"@type":"Organization","@id":"https:\/\/www.alfabier.nl\/de\/#organization","name":"Alfa Bier","url":"https:\/\/www.alfabier.nl\/de\/","logo":{"@type":"ImageObject","inLanguage":"de","@id":"https:\/\/www.alfabier.nl\/de\/#\/schema\/logo\/image\/","url":"https:\/\/www.alfabier.nl\/wp-content\/uploads\/2025\/02\/Alfa-Bier-Logo-Limburgse-Familiebrouwerij-Meens-1.png","contentUrl":"https:\/\/www.alfabier.nl\/wp-content\/uploads\/2025\/02\/Alfa-Bier-Logo-Limburgse-Familiebrouwerij-Meens-1.png","width":565,"height":493,"caption":"Alfa Bier"},"image":{"@id":"https:\/\/www.alfabier.nl\/de\/#\/schema\/logo\/image\/"},"sameAs":["https:\/\/www.facebook.com\/alfabier","https:\/\/x.com\/alfabier","https:\/\/www.instagram.com\/alfabier\/","https:\/\/www.youtube.com\/@alfabierbrouwerij","https:\/\/www.linkedin.com\/company\/alfa-bier\/","https:\/\/nl.pinterest.com\/AlfaBierbrouwerij"]}]}},"_links":{"self":[{"href":"https:\/\/www.alfabier.nl\/de\/wp-json\/wp\/v2\/product\/6918"}],"collection":[{"href":"https:\/\/www.alfabier.nl\/de\/wp-json\/wp\/v2\/product"}],"about":[{"href":"https:\/\/www.alfabier.nl\/de\/wp-json\/wp\/v2\/types\/product"}],"replies":[{"embeddable":true,"href":"https:\/\/www.alfabier.nl\/de\/wp-json\/wp\/v2\/comments?post=6918"}],"wp:featuredmedia":[{"embeddable":true,"href":"https:\/\/www.alfabier.nl\/de\/wp-json\/wp\/v2\/media\/5075"}],"wp:attachment":[{"href":"https:\/\/www.alfabier.nl\/de\/wp-json\/wp\/v2\/media?parent=6918"}],"wp:term":[{"taxonomy":"product_brand","embeddable":true,"href":"https:\/\/www.alfabier.nl\/de\/wp-json\/wp\/v2\/product_brand?post=6918"},{"taxonomy":"product_cat","embeddable":true,"href":"https:\/\/www.alfabier.nl\/de\/wp-json\/wp\/v2\/product_cat?post=6918"},{"taxonomy":"product_tag","embeddable":true,"href":"https:\/\/www.alfabier.nl\/de\/wp-json\/wp\/v2\/product_tag?post=6918"}],"curies":[{"name":"wp","href":"https:\/\/api.w.org\/{rel}","templated":true}]}}