{"id":6938,"date":"2021-02-12T13:32:23","date_gmt":"2021-02-12T12:32:23","guid":{"rendered":"https:\/\/www.alfabier.nl\/?post_type=product&#038;p=6938"},"modified":"2025-04-01T18:08:45","modified_gmt":"2025-04-01T16:08:45","slug":"bierglas-robustes-fassungsvermogen-030-l","status":"publish","type":"product","link":"https:\/\/www.alfabier.nl\/de\/produkt\/bierglas-robustes-fassungsvermogen-030-l\/","title":{"rendered":"Alfa Bierglas Robustes Fassungsverm\u00f6gen: 0,30l"},"excerpt":{"rendered":"<p>Robust &#8211; Unser handliches 30cl-Glas ist mit dem Alfa Bier-Logo versehen und von robuster Qualit\u00e4t mit einem leicht beschwerten Boden.<\/p>\n<p>Mit dem Alfa Bierglas Tough 0.3L k\u00f6nnen Sie Ihr Lieblingsbier so genie\u00dfen, wie es gedacht war. Dieses Glas kombiniert stilvolles Design mit praktischen Details wie einer stabilen Struktur und dem kultigen Alfa-Logo. Dieses Glas eignet sich sowohl f\u00fcr informelle Treffen als auch f\u00fcr formelle Anl\u00e4sse und verleiht jedem Tisch einen Hauch von Klasse. Seine handliche Gr\u00f6\u00dfe macht es vielseitig und alltagstauglich. Ein echtes Muss f\u00fcr jeden Liebhaber, der sein Alfa-Bier-Erlebnis auf die n\u00e4chste Stufe heben m\u00f6chte.<\/p>\n<p>Fassungsverm\u00f6gen: 0,30 l<\/p>\n","protected":false},"featured_media":3794,"comment_status":"closed","ping_status":"closed","template":"","meta":{"_acf_changed":false},"product_brand":[],"product_cat":[123,137],"product_tag":[],"class_list":{"0":"post-6938","1":"product","2":"type-product","3":"status-publish","4":"has-post-thumbnail","6":"product_cat-alle-produkte","7":"product_cat-bierglaeser","9":"first","10":"instock","11":"sale","12":"taxable","13":"shipping-taxable","14":"purchasable","15":"product-type-variable"},"acf":[],"yoast_head":"<!-- This site is optimized with the Yoast SEO plugin v26.8 - https:\/\/yoast.com\/product\/yoast-seo-wordpress\/ -->\n<title>Alfa Bier<\/title>\n<meta name=\"robots\" content=\"index, follow, max-snippet:-1, max-image-preview:large, max-video-preview:-1\" \/>\n<link rel=\"canonical\" href=\"\/\" \/>\n<meta property=\"og:locale\" content=\"de_DE\" \/>\n<meta property=\"og:type\" content=\"article\" \/>\n<meta property=\"og:site_name\" content=\"Alfa Bier\" \/>\n<meta name=\"twitter:card\" content=\"summary_large_image\" \/>\n<meta name=\"twitter:site\" content=\"@alfabier\" \/>\n<script type=\"application\/ld+json\" class=\"yoast-schema-graph\">{\"@context\":\"https:\/\/schema.org\",\"@graph\":[{\"@type\":\"CollectionPage\",\"@id\":null,\"url\":\"\",\"name\":\"\",\"isPartOf\":{\"@id\":\"https:\/\/www.alfabier.nl\/de\/#website\"},\"inLanguage\":\"de\"},{\"@type\":\"WebSite\",\"@id\":\"https:\/\/www.alfabier.nl\/de\/#website\",\"url\":\"https:\/\/www.alfabier.nl\/de\/\",\"name\":\"Alfa Bier\",\"description\":\"\",\"publisher\":{\"@id\":\"https:\/\/www.alfabier.nl\/de\/#organization\"},\"potentialAction\":[{\"@type\":\"SearchAction\",\"target\":{\"@type\":\"EntryPoint\",\"urlTemplate\":\"https:\/\/www.alfabier.nl\/de\/?s={search_term_string}\"},\"query-input\":{\"@type\":\"PropertyValueSpecification\",\"valueRequired\":true,\"valueName\":\"search_term_string\"}}],\"inLanguage\":\"de\"},{\"@type\":\"Organization\",\"@id\":\"https:\/\/www.alfabier.nl\/de\/#organization\",\"name\":\"Alfa Bier\",\"url\":\"https:\/\/www.alfabier.nl\/de\/\",\"logo\":{\"@type\":\"ImageObject\",\"inLanguage\":\"de\",\"@id\":\"https:\/\/www.alfabier.nl\/de\/#\/schema\/logo\/image\/\",\"url\":\"https:\/\/www.alfabier.nl\/wp-content\/uploads\/2025\/02\/Alfa-Bier-Logo-Limburgse-Familiebrouwerij-Meens-1.png\",\"contentUrl\":\"https:\/\/www.alfabier.nl\/wp-content\/uploads\/2025\/02\/Alfa-Bier-Logo-Limburgse-Familiebrouwerij-Meens-1.png\",\"width\":565,\"height\":493,\"caption\":\"Alfa Bier\"},\"image\":{\"@id\":\"https:\/\/www.alfabier.nl\/de\/#\/schema\/logo\/image\/\"},\"sameAs\":[\"https:\/\/www.facebook.com\/alfabier\",\"https:\/\/x.com\/alfabier\",\"https:\/\/www.instagram.com\/alfabier\/\",\"https:\/\/www.youtube.com\/@alfabierbrouwerij\",\"https:\/\/www.linkedin.com\/company\/alfa-bier\/\",\"https:\/\/nl.pinterest.com\/AlfaBierbrouwerij\"]}]}<\/script>\n<!-- \/ Yoast SEO plugin. -->","yoast_head_json":{"title":"Alfa Bier","robots":{"index":"index","follow":"follow","max-snippet":"max-snippet:-1","max-image-preview":"max-image-preview:large","max-video-preview":"max-video-preview:-1"},"canonical":"\/","og_locale":"de_DE","og_type":"article","og_site_name":"Alfa Bier","twitter_card":"summary_large_image","twitter_site":"@alfabier","schema":{"@context":"https:\/\/schema.org","@graph":[{"@type":"CollectionPage","@id":null,"url":"","name":"","isPartOf":{"@id":"https:\/\/www.alfabier.nl\/de\/#website"},"inLanguage":"de"},{"@type":"WebSite","@id":"https:\/\/www.alfabier.nl\/de\/#website","url":"https:\/\/www.alfabier.nl\/de\/","name":"Alfa Bier","description":"","publisher":{"@id":"https:\/\/www.alfabier.nl\/de\/#organization"},"potentialAction":[{"@type":"SearchAction","target":{"@type":"EntryPoint","urlTemplate":"https:\/\/www.alfabier.nl\/de\/?s={search_term_string}"},"query-input":{"@type":"PropertyValueSpecification","valueRequired":true,"valueName":"search_term_string"}}],"inLanguage":"de"},{"@type":"Organization","@id":"https:\/\/www.alfabier.nl\/de\/#organization","name":"Alfa Bier","url":"https:\/\/www.alfabier.nl\/de\/","logo":{"@type":"ImageObject","inLanguage":"de","@id":"https:\/\/www.alfabier.nl\/de\/#\/schema\/logo\/image\/","url":"https:\/\/www.alfabier.nl\/wp-content\/uploads\/2025\/02\/Alfa-Bier-Logo-Limburgse-Familiebrouwerij-Meens-1.png","contentUrl":"https:\/\/www.alfabier.nl\/wp-content\/uploads\/2025\/02\/Alfa-Bier-Logo-Limburgse-Familiebrouwerij-Meens-1.png","width":565,"height":493,"caption":"Alfa Bier"},"image":{"@id":"https:\/\/www.alfabier.nl\/de\/#\/schema\/logo\/image\/"},"sameAs":["https:\/\/www.facebook.com\/alfabier","https:\/\/x.com\/alfabier","https:\/\/www.instagram.com\/alfabier\/","https:\/\/www.youtube.com\/@alfabierbrouwerij","https:\/\/www.linkedin.com\/company\/alfa-bier\/","https:\/\/nl.pinterest.com\/AlfaBierbrouwerij"]}]}},"_links":{"self":[{"href":"https:\/\/www.alfabier.nl\/de\/wp-json\/wp\/v2\/product\/6938"}],"collection":[{"href":"https:\/\/www.alfabier.nl\/de\/wp-json\/wp\/v2\/product"}],"about":[{"href":"https:\/\/www.alfabier.nl\/de\/wp-json\/wp\/v2\/types\/product"}],"replies":[{"embeddable":true,"href":"https:\/\/www.alfabier.nl\/de\/wp-json\/wp\/v2\/comments?post=6938"}],"wp:featuredmedia":[{"embeddable":true,"href":"https:\/\/www.alfabier.nl\/de\/wp-json\/wp\/v2\/media\/3794"}],"wp:attachment":[{"href":"https:\/\/www.alfabier.nl\/de\/wp-json\/wp\/v2\/media?parent=6938"}],"wp:term":[{"taxonomy":"product_brand","embeddable":true,"href":"https:\/\/www.alfabier.nl\/de\/wp-json\/wp\/v2\/product_brand?post=6938"},{"taxonomy":"product_cat","embeddable":true,"href":"https:\/\/www.alfabier.nl\/de\/wp-json\/wp\/v2\/product_cat?post=6938"},{"taxonomy":"product_tag","embeddable":true,"href":"https:\/\/www.alfabier.nl\/de\/wp-json\/wp\/v2\/product_tag?post=6938"}],"curies":[{"name":"wp","href":"https:\/\/api.w.org\/{rel}","templated":true}]}}